{"id":9303,"date":"2025-07-31T08:42:07","date_gmt":"2025-07-31T08:42:07","guid":{"rendered":"https:\/\/tagcrypto.com\/es-cr\/privacy-statement-eu\/"},"modified":"2025-07-31T08:42:07","modified_gmt":"2025-07-31T08:42:07","slug":"privacy-statement-eu","status":"publish","type":"page","link":"https:\/\/tagcrypto.com\/es-cr\/privacy-statement-eu\/","title":{"rendered":"Privacy Statement (EU)"},"content":{"rendered":"\n<!-- Legal document generated by Complianz | GDPR\/CCPA Cookie Consent https:\/\/wordpress.org\/plugins\/complianz-gdpr -->\n<div id=\"cmplz-document\" class=\"cmplz-document privacy-statement cmplz-document-eu\"><p><i>Esta declaraci\u00f3n de privacidad se actualiz\u00f3 por \u00faltima vez el julio 31, 2025 y se aplica a los ciudadanos y residentes legales permanentes del Espacio Econ\u00f3mico Europeo y Suiza.<\/i><br><br><\/p><p><\/p><p>En esta declaraci\u00f3n de privacidad, explicamos lo que hacemos con los datos que obtenemos sobre usted a trav\u00e9s de <a href=\"https:\/\/tagcrypto.com\/es-cr\">https:\/\/tagcrypto.com\/es-cr<\/a>. Le recomendamos que lea atentamente esta declaraci\u00f3n. En nuestro tratamiento cumplimos con los requisitos de la legislaci\u00f3n sobre privacidad. Esto significa, entre otras cosas, que:<\/p><ul>\n                <li>indicamos claramente los fines para los que procesamos los datos personales. Hacemos esto por medio de esta declaraci\u00f3n de privacidad.<\/li>\n                <li>nos proponemos limitar nuestra recopilaci\u00f3n de datos personales a los datos personales necesarios para fines leg\u00edtimos;<\/li>\n                <li>en primer lugar, solicitamos su consentimiento expl\u00edcito para el tratamiento de sus datos personales en los casos en que sea necesario.<\/li>\n                <li>tomamos las medidas de seguridad adecuadas para proteger sus datos personales y tambi\u00e9n lo exigimos a las partes que procesan datos personales en nuestro nombre;<\/li>\n                <li>respetamos su derecho a acceder, rectificar o cancelar sus datos personales previa solicitud.<\/li>\n            <\/ul><p>Si tiene alguna pregunta o quiere saber exactamente qu\u00e9 datos guardamos de usted, p\u00f3ngase en contacto con nosotros.<\/p><h2>1. Prop\u00f3sito, datos y periodo de retenci\u00f3n<\/h2>Podemos recopilar o recibir informaci\u00f3n personal para un n\u00famero de prop\u00f3sitos relacionados con nuestras operaciones comerciales, que pueden incluir lo siguiente: (haga clic para expandir) <details class=\"cmplz-dropdown dropdown-privacy-statement\"><summary><div><h3>1.1 Contacto \u2014 Por tel\u00e9fono, correo, correo electr\u00f3nico y\/o formularios en el sitio<\/h3><\/div><\/summary><p class=\"cmplz-subtitle\">Para ello utilizamos los siguientes datos:<\/p><p><\/p><ul><li>Un nombre y apellido<\/li><li>Una direcci\u00f3n de correo electr\u00f3nico<\/li><li>Direcci\u00f3n IP<\/li><\/ul><p class=\"cmplz-subtitle\">La base sobre la que podemos procesar estos datos es:<\/p><p><a target=\"_blank\" rel=\"noopener noreferrer nofollow\" href=\"https:\/\/cookiedatabase.org\/legal-bases\/#consent\">Tras la prestaci\u00f3n del consentimiento. <\/a><\/p><p class=\"cmplz-subtitle\">Per\u00edodo de retenci\u00f3n<\/p><p>Retendremos estos datos hasta que el servicio sea cancelado.<\/p><\/details><h2>2. Cookies<\/h2><p>Nuestra web utiliza cookies. Para m\u00e1s informaci\u00f3n acerca de las cookies, por favor consulte nuestra <a href=\"https:\/\/tagcrypto.com\/es-cr\/cookie-policy-eu\/\">Pol\u00edtica de cookies<\/a>.&nbsp;<\/p><h2>3. Pr\u00e1cticas de divulgaci\u00f3n<\/h2><p><\/p><p>Divulgamos informaci\u00f3n personal si nos lo exige la ley o una orden judicial, en respuesta a un organismo encargado de hacer cumplir la ley, en la medida en que lo permitan otras disposiciones legales, para proporcionar informaci\u00f3n o para una investigaci\u00f3n sobre un asunto relacionado con la seguridad p\u00fablica.<\/p><p>Si nuestro sitio web o nuestra organizaci\u00f3n son adquiridos, vendidos o participan en una fusi\u00f3n o adquisici\u00f3n, sus datos podr\u00e1n ser revelados a nuestros asesores y a los posibles compradores, y se transmitir\u00e1n a los nuevos propietarios.<\/p><h2>4. Seguridad<\/h2><p>Estamos comprometidos con la seguridad de los datos personales. Tomamos las medidas de seguridad adecuadas para limitar el abuso y el acceso no autorizado a los datos personales. Esto asegura que s\u00f3lo las personas necesarias tengan acceso a sus datos, que el acceso a los datos est\u00e9 protegido y que nuestras medidas de seguridad sean revisadas regularmente.<\/p><h2>5. Webs de terceros<\/h2><p>Esta declaraci\u00f3n de privacidad no se aplica a las webs de terceros conectados mediante enlaces en nuestra web. No podemos garantizar que estas terceras partes manejen sus datos personales de forma fiable o segura. Le recomendamos que lea las declaraciones de privacidad de estas webs antes de utilizarlos.<\/p><h2>6. Modificaciones de esta declaraci\u00f3n de privacidad<\/h2><p>Nos reservamos el derecho de hacer enmiendas a esta declaraci\u00f3n de privacidad. Se recomienda que consulte esta declaraci\u00f3n de privacidad regularmente para estar al tanto de cualquier cambio. Adem\u00e1s, le informaremos activamente siempre que sea posible.<\/p><h2>7. Acceso y modificaci\u00f3n de sus datos<\/h2><p>Si tiene alguna pregunta o desea saber qu\u00e9 datos personales tenemos sobre usted, p\u00f3ngase en contacto con nosotros. Puede ponerse en contacto con nosotros utilizando la siguiente informaci\u00f3n. Usted tiene los siguientes derechos:<\/p><ul>\n                <li>Usted tiene derecho a saber por qu\u00e9 se necesitan sus datos personales, qu\u00e9 pasar\u00e1 con ellos y durante cu\u00e1nto tiempo se conservar\u00e1n.<\/li>\n                <li>Derecho de acceso: Tiene derecho a acceder a los datos personales que conocemos sobre usted.<\/li>\n                <li>Derecho de rectificaci\u00f3n: tiene derecho a completar, rectificar, borrar o bloquear sus datos personales cuando lo desee.<\/li>\n                <li>Si usted nos da su consentimiento para procesar sus datos, tiene derecho a revocar dicho consentimiento y a que se eliminen sus datos personales.<\/li>\n                <li>Derecho de cesi\u00f3n de sus datos: tiene derecho a solicitar todos sus datos personales al responsable y a transferirlos \u00edntegramente a otro responsable del tratamiento de datos.<\/li>\n                <li>Derecho de oposici\u00f3n: usted puede oponerse al tratamiento de sus datos. Nosotros cumplimos con esto, a menos que existan motivos justificados para el tratamiento.<\/li>\n            <\/ul><p>Por favor, aseg\u00farese de indicar siempre claramente qui\u00e9n es usted, para que podamos estar seguros de que no modificamos o eliminamos ning\u00fan dato de la persona equivocada.<\/p><h2>8. Enviando una reclamaci\u00f3n<\/h2><p>Si no est\u00e1 satisfecho con la forma en que tratamos o procesamos sus datos personales, tiene derecho a presentar una queja a la Autoridad de protecci\u00f3n de datos.<\/p><h2>9. Datos de contacto<\/h2><p>tagcrypto.com<br>\n        Pflugstrasse 20<br>\n9490 Vaduz<br>\n        Liechtenstein<br>\n        Web: <a href=\"https:\/\/tagcrypto.com\/es-cr\">https:\/\/tagcrypto.com\/es-cr<\/a> <br>\n        Correo electr\u00f3nico: <span class=\"cmplz-obfuscate\">info@<span class=\"cmplz-fmail-domain\">ex.com<\/span>tagcrypto.com<\/span> <br>\n        N\u00famero de tel\u00e9fono: +423 376 50 80<\/p><\/div>\n","protected":false},"excerpt":{"rendered":"","protected":false},"author":1,"featured_media":0,"parent":0,"menu_order":0,"comment_status":"closed","ping_status":"closed","template":"","meta":{"inline_featured_image":false,"wp_typography_post_enhancements_disabled":false,"footnotes":""},"class_list":["post-9303","page","type-page","status-publish","hentry","description-off"],"yoast_head":"<!-- This site is optimized with the Yoast SEO plugin v24.0 - https:\/\/yoast.com\/wordpress\/plugins\/seo\/ -->\n<title>Privacy Statement (EU) | TAG Crypto<\/title>\n<meta name=\"robots\" content=\"index, follow, max-snippet:-1, max-image-preview:large, max-video-preview:-1\" \/>\n<link rel=\"canonical\" href=\"https:\/\/tagcrypto.com\/es-cr\/privacy-statement-eu\/\" \/>\n<meta property=\"og:locale\" content=\"es_ES\" \/>\n<meta property=\"og:type\" content=\"article\" \/>\n<meta property=\"og:title\" content=\"Privacy Statement (EU) | TAG Crypto\" \/>\n<meta property=\"og:url\" content=\"https:\/\/tagcrypto.com\/es-cr\/privacy-statement-eu\/\" \/>\n<meta property=\"og:site_name\" content=\"TAG Crypto\" \/>\n<meta name=\"twitter:card\" content=\"summary_large_image\" \/>\n<script type=\"application\/ld+json\" class=\"yoast-schema-graph\">{\"@context\":\"https:\/\/schema.org\",\"@graph\":[{\"@type\":\"WebPage\",\"@id\":\"https:\/\/tagcrypto.com\/es-cr\/privacy-statement-eu\/\",\"url\":\"https:\/\/tagcrypto.com\/es-cr\/privacy-statement-eu\/\",\"name\":\"Privacy Statement (EU) | TAG Crypto\",\"isPartOf\":{\"@id\":\"https:\/\/tagcrypto.com\/es-cr\/#website\"},\"datePublished\":\"2025-07-31T08:42:07+00:00\",\"dateModified\":\"2025-07-31T08:42:07+00:00\",\"breadcrumb\":{\"@id\":\"https:\/\/tagcrypto.com\/es-cr\/privacy-statement-eu\/#breadcrumb\"},\"inLanguage\":\"es\",\"potentialAction\":[{\"@type\":\"ReadAction\",\"target\":[\"https:\/\/tagcrypto.com\/es-cr\/privacy-statement-eu\/\"]}]},{\"@type\":\"BreadcrumbList\",\"@id\":\"https:\/\/tagcrypto.com\/es-cr\/privacy-statement-eu\/#breadcrumb\",\"itemListElement\":[{\"@type\":\"ListItem\",\"position\":1,\"name\":\"Home\",\"item\":\"https:\/\/tagcrypto.com\/es-cr\/\"},{\"@type\":\"ListItem\",\"position\":2,\"name\":\"Privacy Statement (EU)\"}]},{\"@type\":\"WebSite\",\"@id\":\"https:\/\/tagcrypto.com\/es-cr\/#website\",\"url\":\"https:\/\/tagcrypto.com\/es-cr\/\",\"name\":\"TAG Crypto\",\"description\":\"Dep\u00f3sitos Instant\u00e1neos con TAG Crypto\",\"publisher\":{\"@id\":\"https:\/\/tagcrypto.com\/es-cr\/#organization\"},\"potentialAction\":[{\"@type\":\"SearchAction\",\"target\":{\"@type\":\"EntryPoint\",\"urlTemplate\":\"https:\/\/tagcrypto.com\/es-cr\/?s={search_term_string}\"},\"query-input\":{\"@type\":\"PropertyValueSpecification\",\"valueRequired\":true,\"valueName\":\"search_term_string\"}}],\"inLanguage\":\"es\"},{\"@type\":\"Organization\",\"@id\":\"https:\/\/tagcrypto.com\/es-cr\/#organization\",\"name\":\"TAG Systems AG\",\"alternateName\":\"TAG Systems AG\",\"url\":\"https:\/\/tagcrypto.com\/es-cr\/\",\"logo\":{\"@type\":\"ImageObject\",\"inLanguage\":\"es\",\"@id\":\"https:\/\/tagcrypto.com\/es-cr\/#\/schema\/logo\/image\/\",\"url\":\"https:\/\/tagcrypto.com\/es-cr\/wp-content\/uploads\/sites\/3\/2022\/05\/TAG-Systems-TAG-CRYPTO-white.svg\",\"contentUrl\":\"https:\/\/tagcrypto.com\/es-cr\/wp-content\/uploads\/sites\/3\/2022\/05\/TAG-Systems-TAG-CRYPTO-white.svg\",\"width\":470,\"height\":46,\"caption\":\"TAG Systems AG\"},\"image\":{\"@id\":\"https:\/\/tagcrypto.com\/es-cr\/#\/schema\/logo\/image\/\"}}]}<\/script>\n<!-- \/ Yoast SEO plugin. -->","yoast_head_json":{"title":"Privacy Statement (EU) | TAG Crypto","robots":{"index":"index","follow":"follow","max-snippet":"max-snippet:-1","max-image-preview":"max-image-preview:large","max-video-preview":"max-video-preview:-1"},"canonical":"https:\/\/tagcrypto.com\/es-cr\/privacy-statement-eu\/","og_locale":"es_ES","og_type":"article","og_title":"Privacy Statement (EU) | TAG Crypto","og_url":"https:\/\/tagcrypto.com\/es-cr\/privacy-statement-eu\/","og_site_name":"TAG Crypto","twitter_card":"summary_large_image","schema":{"@context":"https:\/\/schema.org","@graph":[{"@type":"WebPage","@id":"https:\/\/tagcrypto.com\/es-cr\/privacy-statement-eu\/","url":"https:\/\/tagcrypto.com\/es-cr\/privacy-statement-eu\/","name":"Privacy Statement (EU) | TAG Crypto","isPartOf":{"@id":"https:\/\/tagcrypto.com\/es-cr\/#website"},"datePublished":"2025-07-31T08:42:07+00:00","dateModified":"2025-07-31T08:42:07+00:00","breadcrumb":{"@id":"https:\/\/tagcrypto.com\/es-cr\/privacy-statement-eu\/#breadcrumb"},"inLanguage":"es","potentialAction":[{"@type":"ReadAction","target":["https:\/\/tagcrypto.com\/es-cr\/privacy-statement-eu\/"]}]},{"@type":"BreadcrumbList","@id":"https:\/\/tagcrypto.com\/es-cr\/privacy-statement-eu\/#breadcrumb","itemListElement":[{"@type":"ListItem","position":1,"name":"Home","item":"https:\/\/tagcrypto.com\/es-cr\/"},{"@type":"ListItem","position":2,"name":"Privacy Statement (EU)"}]},{"@type":"WebSite","@id":"https:\/\/tagcrypto.com\/es-cr\/#website","url":"https:\/\/tagcrypto.com\/es-cr\/","name":"TAG Crypto","description":"Dep\u00f3sitos Instant\u00e1neos con TAG Crypto","publisher":{"@id":"https:\/\/tagcrypto.com\/es-cr\/#organization"},"potentialAction":[{"@type":"SearchAction","target":{"@type":"EntryPoint","urlTemplate":"https:\/\/tagcrypto.com\/es-cr\/?s={search_term_string}"},"query-input":{"@type":"PropertyValueSpecification","valueRequired":true,"valueName":"search_term_string"}}],"inLanguage":"es"},{"@type":"Organization","@id":"https:\/\/tagcrypto.com\/es-cr\/#organization","name":"TAG Systems AG","alternateName":"TAG Systems AG","url":"https:\/\/tagcrypto.com\/es-cr\/","logo":{"@type":"ImageObject","inLanguage":"es","@id":"https:\/\/tagcrypto.com\/es-cr\/#\/schema\/logo\/image\/","url":"https:\/\/tagcrypto.com\/es-cr\/wp-content\/uploads\/sites\/3\/2022\/05\/TAG-Systems-TAG-CRYPTO-white.svg","contentUrl":"https:\/\/tagcrypto.com\/es-cr\/wp-content\/uploads\/sites\/3\/2022\/05\/TAG-Systems-TAG-CRYPTO-white.svg","width":470,"height":46,"caption":"TAG Systems AG"},"image":{"@id":"https:\/\/tagcrypto.com\/es-cr\/#\/schema\/logo\/image\/"}}]}},"_links":{"self":[{"href":"https:\/\/tagcrypto.com\/es-cr\/wp-json\/wp\/v2\/pages\/9303"}],"collection":[{"href":"https:\/\/tagcrypto.com\/es-cr\/wp-json\/wp\/v2\/pages"}],"about":[{"href":"https:\/\/tagcrypto.com\/es-cr\/wp-json\/wp\/v2\/types\/page"}],"author":[{"embeddable":true,"href":"https:\/\/tagcrypto.com\/es-cr\/wp-json\/wp\/v2\/users\/1"}],"replies":[{"embeddable":true,"href":"https:\/\/tagcrypto.com\/es-cr\/wp-json\/wp\/v2\/comments?post=9303"}],"version-history":[{"count":0,"href":"https:\/\/tagcrypto.com\/es-cr\/wp-json\/wp\/v2\/pages\/9303\/revisions"}],"wp:attachment":[{"href":"https:\/\/tagcrypto.com\/es-cr\/wp-json\/wp\/v2\/media?parent=9303"}],"curies":[{"name":"wp","href":"https:\/\/api.w.org\/{rel}","templated":true}]}}