{"id":7781,"date":"2024-05-08T13:51:05","date_gmt":"2024-05-08T13:51:05","guid":{"rendered":"https:\/\/tagsystems.li\/crypto\/?page_id=7781"},"modified":"2024-08-06T13:51:38","modified_gmt":"2024-08-06T13:51:38","slug":"aviso-legal","status":"publish","type":"page","link":"https:\/\/tagcrypto.com\/es-cr\/aviso-legal\/","title":{"rendered":"Aviso Legal"},"content":{"rendered":"\t\t<div data-elementor-type=\"wp-page\" data-elementor-id=\"7781\" class=\"elementor elementor-7781\" data-elementor-post-type=\"page\">\n\t\t\t\t<div class=\"elementor-element elementor-element-65cd0016 e-flex e-con-boxed e-con e-parent\" data-id=\"65cd0016\" data-element_type=\"container\">\n\t\t\t\t\t<div class=\"e-con-inner\">\n\t\t\t\t<div class=\"elementor-element elementor-element-5ab56e35 elementor-widget elementor-widget-text-editor\" data-id=\"5ab56e35\" data-element_type=\"widget\" data-widget_type=\"text-editor.default\">\n\t\t\t\t<div class=\"elementor-widget-container\">\n\t\t\t\t\t\t\t\t\t<p><\/p>\n<h2 class=\"wp-block-heading\"><\/h2>\n<h2 class=\"wp-block-heading\">\n\n<\/h2>\n<h2>\n\n<\/h2>\n<h3 class=\"wp-block-heading\">Responsable del contenido:<\/h3>\n<h3>\n\n<\/h3>\n<p>TAG Systems AG<\/p>\n<h3>\n\n<\/h3>\n<p>El aviso legal tambi\u00e9n se aplica a los siguientes perfiles de redes sociales: www.facebook.com www.twitter.com www.youtube.com www.instagram.com<\/p>\n<h3>\n\n<\/h3>\n<h3 class=\"wp-block-heading\">Publicaci\u00f3n y gesti\u00f3n de contenido:<\/h3>\n<h3>\n\n<\/h3>\n<p>TAG Systems AG<br>Pflugstrasse 20<br>9490 Vaduz<br>Liechtenstein<\/p>\n<h3>\n\n<\/h3>\n<p>T: +423 376 50 80<br>info@tagsystems.com<\/p>\n<h3>\n\n<\/h3>\n<p>N\u00famero de registro de la empresa: FL-0002.472.924\u20139<br>Registro Comercial del Principado de Liechtenstein<br>Lugar de jurisdicci\u00f3n: Vaduz<span style=\"font-family: var( --e-global-typography-text-font-family ), Sans-serif; font-weight: var( --e-global-typography-text-font-weight ); text-align: var(--text-align); background-color: rgba(255, 255, 255, 0); color: var(--the7-base-color); letter-spacing: var(--the7-base-letter-spacing); text-transform: var(--the7-base-text-transform); word-spacing: normal;\"> <\/span><\/p>\n<h3>\n\n<\/h3>\n<h3 class=\"wp-block-heading\">Responsabilidad por el contenido<\/h3>\n<h3>\n\n<\/h3>\n<p>El contenido de estas p\u00e1ginas se crea con gran cuidado. Sin embargo, no se puede asumir responsabilidad por la exactitud, <br> integridad y actualidad de este contenido.<\/p>\n<h3>\n\n<\/h3>\n<h3 class=\"wp-block-heading\">Cr\u00e9ditos de im\u00e1genes &amp; derechos de autor<\/h3>\n<h3>\n\n<\/h3>\n<p><em>TAG Systems AG, TAG Crypto<\/em> y todas las marcas, logotipos de la empresa y sus productos, todos los elementos de dise\u00f1o, im\u00e1genes y textos en el sitio web est\u00e1n protegidos por derechos de autor.<br>Im\u00e1genes utilizadas: <em>TAG Systems AG, SteinCastle GmbH, Depositphotos, Envato Marketplace<\/em>.<\/p>\n<h2><\/h2>\n<p><\/p>\t\t\t\t\t\t\t\t<\/div>\n\t\t\t\t<\/div>\n\t\t\t\t\t<\/div>\n\t\t\t\t<\/div>\n\t\t\t\t<\/div>\n\t\t","protected":false},"excerpt":{"rendered":"","protected":false},"author":1,"featured_media":7684,"parent":0,"menu_order":0,"comment_status":"closed","ping_status":"closed","template":"","meta":{"inline_featured_image":false,"wp_typography_post_enhancements_disabled":false,"footnotes":""},"class_list":["post-7781","page","type-page","status-publish","has-post-thumbnail","hentry"],"yoast_head":"<!-- This site is optimized with the Yoast SEO plugin v24.0 - https:\/\/yoast.com\/wordpress\/plugins\/seo\/ -->\n<title>Aviso Legal | TAG Crypto<\/title>\n<meta name=\"robots\" content=\"index, follow, max-snippet:-1, max-image-preview:large, max-video-preview:-1\" \/>\n<link rel=\"canonical\" href=\"https:\/\/tagcrypto.com\/es-cr\/aviso-legal\/\" \/>\n<meta property=\"og:locale\" content=\"es_ES\" \/>\n<meta property=\"og:type\" content=\"article\" \/>\n<meta property=\"og:title\" content=\"Aviso Legal | TAG Crypto\" \/>\n<meta property=\"og:url\" content=\"https:\/\/tagcrypto.com\/es-cr\/aviso-legal\/\" \/>\n<meta property=\"og:site_name\" content=\"TAG Crypto\" \/>\n<meta property=\"article:modified_time\" content=\"2024-08-06T13:51:38+00:00\" \/>\n<meta name=\"twitter:card\" content=\"summary_large_image\" \/>\n<meta name=\"twitter:label1\" content=\"Tiempo de lectura\" \/>\n\t<meta name=\"twitter:data1\" content=\"1 minuto\" \/>\n<script type=\"application\/ld+json\" class=\"yoast-schema-graph\">{\"@context\":\"https:\/\/schema.org\",\"@graph\":[{\"@type\":\"WebPage\",\"@id\":\"https:\/\/tagcrypto.com\/es-cr\/aviso-legal\/\",\"url\":\"https:\/\/tagcrypto.com\/es-cr\/aviso-legal\/\",\"name\":\"Aviso Legal | TAG Crypto\",\"isPartOf\":{\"@id\":\"https:\/\/tagcrypto.com\/es-cr\/#website\"},\"primaryImageOfPage\":{\"@id\":\"https:\/\/tagcrypto.com\/es-cr\/aviso-legal\/#primaryimage\"},\"image\":{\"@id\":\"https:\/\/tagcrypto.com\/es-cr\/aviso-legal\/#primaryimage\"},\"thumbnailUrl\":\"https:\/\/tagcrypto.com\/es-cr\/wp-content\/uploads\/sites\/3\/2022\/05\/Header.svg\",\"datePublished\":\"2024-05-08T13:51:05+00:00\",\"dateModified\":\"2024-08-06T13:51:38+00:00\",\"breadcrumb\":{\"@id\":\"https:\/\/tagcrypto.com\/es-cr\/aviso-legal\/#breadcrumb\"},\"inLanguage\":\"es\",\"potentialAction\":[{\"@type\":\"ReadAction\",\"target\":[\"https:\/\/tagcrypto.com\/es-cr\/aviso-legal\/\"]}]},{\"@type\":\"ImageObject\",\"inLanguage\":\"es\",\"@id\":\"https:\/\/tagcrypto.com\/es-cr\/aviso-legal\/#primaryimage\",\"url\":\"https:\/\/tagcrypto.com\/es-cr\/wp-content\/uploads\/sites\/3\/2022\/05\/Header.svg\",\"contentUrl\":\"https:\/\/tagcrypto.com\/es-cr\/wp-content\/uploads\/sites\/3\/2022\/05\/Header.svg\",\"width\":1920,\"height\":787},{\"@type\":\"BreadcrumbList\",\"@id\":\"https:\/\/tagcrypto.com\/es-cr\/aviso-legal\/#breadcrumb\",\"itemListElement\":[{\"@type\":\"ListItem\",\"position\":1,\"name\":\"Home\",\"item\":\"https:\/\/tagcrypto.com\/es-cr\/\"},{\"@type\":\"ListItem\",\"position\":2,\"name\":\"Aviso Legal\"}]},{\"@type\":\"WebSite\",\"@id\":\"https:\/\/tagcrypto.com\/es-cr\/#website\",\"url\":\"https:\/\/tagcrypto.com\/es-cr\/\",\"name\":\"TAG Crypto\",\"description\":\"Dep\u00f3sitos Instant\u00e1neos con TAG Crypto\",\"publisher\":{\"@id\":\"https:\/\/tagcrypto.com\/es-cr\/#organization\"},\"potentialAction\":[{\"@type\":\"SearchAction\",\"target\":{\"@type\":\"EntryPoint\",\"urlTemplate\":\"https:\/\/tagcrypto.com\/es-cr\/?s={search_term_string}\"},\"query-input\":{\"@type\":\"PropertyValueSpecification\",\"valueRequired\":true,\"valueName\":\"search_term_string\"}}],\"inLanguage\":\"es\"},{\"@type\":\"Organization\",\"@id\":\"https:\/\/tagcrypto.com\/es-cr\/#organization\",\"name\":\"TAG Systems AG\",\"alternateName\":\"TAG Systems AG\",\"url\":\"https:\/\/tagcrypto.com\/es-cr\/\",\"logo\":{\"@type\":\"ImageObject\",\"inLanguage\":\"es\",\"@id\":\"https:\/\/tagcrypto.com\/es-cr\/#\/schema\/logo\/image\/\",\"url\":\"https:\/\/tagcrypto.com\/es-cr\/wp-content\/uploads\/sites\/3\/2022\/05\/TAG-Systems-TAG-CRYPTO-white.svg\",\"contentUrl\":\"https:\/\/tagcrypto.com\/es-cr\/wp-content\/uploads\/sites\/3\/2022\/05\/TAG-Systems-TAG-CRYPTO-white.svg\",\"width\":470,\"height\":46,\"caption\":\"TAG Systems AG\"},\"image\":{\"@id\":\"https:\/\/tagcrypto.com\/es-cr\/#\/schema\/logo\/image\/\"}}]}<\/script>\n<!-- \/ Yoast SEO plugin. -->","yoast_head_json":{"title":"Aviso Legal | TAG Crypto","robots":{"index":"index","follow":"follow","max-snippet":"max-snippet:-1","max-image-preview":"max-image-preview:large","max-video-preview":"max-video-preview:-1"},"canonical":"https:\/\/tagcrypto.com\/es-cr\/aviso-legal\/","og_locale":"es_ES","og_type":"article","og_title":"Aviso Legal | TAG Crypto","og_url":"https:\/\/tagcrypto.com\/es-cr\/aviso-legal\/","og_site_name":"TAG Crypto","article_modified_time":"2024-08-06T13:51:38+00:00","twitter_card":"summary_large_image","twitter_misc":{"Tiempo de lectura":"1 minuto"},"schema":{"@context":"https:\/\/schema.org","@graph":[{"@type":"WebPage","@id":"https:\/\/tagcrypto.com\/es-cr\/aviso-legal\/","url":"https:\/\/tagcrypto.com\/es-cr\/aviso-legal\/","name":"Aviso Legal | TAG Crypto","isPartOf":{"@id":"https:\/\/tagcrypto.com\/es-cr\/#website"},"primaryImageOfPage":{"@id":"https:\/\/tagcrypto.com\/es-cr\/aviso-legal\/#primaryimage"},"image":{"@id":"https:\/\/tagcrypto.com\/es-cr\/aviso-legal\/#primaryimage"},"thumbnailUrl":"https:\/\/tagcrypto.com\/es-cr\/wp-content\/uploads\/sites\/3\/2022\/05\/Header.svg","datePublished":"2024-05-08T13:51:05+00:00","dateModified":"2024-08-06T13:51:38+00:00","breadcrumb":{"@id":"https:\/\/tagcrypto.com\/es-cr\/aviso-legal\/#breadcrumb"},"inLanguage":"es","potentialAction":[{"@type":"ReadAction","target":["https:\/\/tagcrypto.com\/es-cr\/aviso-legal\/"]}]},{"@type":"ImageObject","inLanguage":"es","@id":"https:\/\/tagcrypto.com\/es-cr\/aviso-legal\/#primaryimage","url":"https:\/\/tagcrypto.com\/es-cr\/wp-content\/uploads\/sites\/3\/2022\/05\/Header.svg","contentUrl":"https:\/\/tagcrypto.com\/es-cr\/wp-content\/uploads\/sites\/3\/2022\/05\/Header.svg","width":1920,"height":787},{"@type":"BreadcrumbList","@id":"https:\/\/tagcrypto.com\/es-cr\/aviso-legal\/#breadcrumb","itemListElement":[{"@type":"ListItem","position":1,"name":"Home","item":"https:\/\/tagcrypto.com\/es-cr\/"},{"@type":"ListItem","position":2,"name":"Aviso Legal"}]},{"@type":"WebSite","@id":"https:\/\/tagcrypto.com\/es-cr\/#website","url":"https:\/\/tagcrypto.com\/es-cr\/","name":"TAG Crypto","description":"Dep\u00f3sitos Instant\u00e1neos con TAG Crypto","publisher":{"@id":"https:\/\/tagcrypto.com\/es-cr\/#organization"},"potentialAction":[{"@type":"SearchAction","target":{"@type":"EntryPoint","urlTemplate":"https:\/\/tagcrypto.com\/es-cr\/?s={search_term_string}"},"query-input":{"@type":"PropertyValueSpecification","valueRequired":true,"valueName":"search_term_string"}}],"inLanguage":"es"},{"@type":"Organization","@id":"https:\/\/tagcrypto.com\/es-cr\/#organization","name":"TAG Systems AG","alternateName":"TAG Systems AG","url":"https:\/\/tagcrypto.com\/es-cr\/","logo":{"@type":"ImageObject","inLanguage":"es","@id":"https:\/\/tagcrypto.com\/es-cr\/#\/schema\/logo\/image\/","url":"https:\/\/tagcrypto.com\/es-cr\/wp-content\/uploads\/sites\/3\/2022\/05\/TAG-Systems-TAG-CRYPTO-white.svg","contentUrl":"https:\/\/tagcrypto.com\/es-cr\/wp-content\/uploads\/sites\/3\/2022\/05\/TAG-Systems-TAG-CRYPTO-white.svg","width":470,"height":46,"caption":"TAG Systems AG"},"image":{"@id":"https:\/\/tagcrypto.com\/es-cr\/#\/schema\/logo\/image\/"}}]}},"_links":{"self":[{"href":"https:\/\/tagcrypto.com\/es-cr\/wp-json\/wp\/v2\/pages\/7781"}],"collection":[{"href":"https:\/\/tagcrypto.com\/es-cr\/wp-json\/wp\/v2\/pages"}],"about":[{"href":"https:\/\/tagcrypto.com\/es-cr\/wp-json\/wp\/v2\/types\/page"}],"author":[{"embeddable":true,"href":"https:\/\/tagcrypto.com\/es-cr\/wp-json\/wp\/v2\/users\/1"}],"replies":[{"embeddable":true,"href":"https:\/\/tagcrypto.com\/es-cr\/wp-json\/wp\/v2\/comments?post=7781"}],"version-history":[{"count":17,"href":"https:\/\/tagcrypto.com\/es-cr\/wp-json\/wp\/v2\/pages\/7781\/revisions"}],"predecessor-version":[{"id":9268,"href":"https:\/\/tagcrypto.com\/es-cr\/wp-json\/wp\/v2\/pages\/7781\/revisions\/9268"}],"wp:featuredmedia":[{"embeddable":true,"href":"https:\/\/tagcrypto.com\/es-cr\/wp-json\/wp\/v2\/media\/7684"}],"wp:attachment":[{"href":"https:\/\/tagcrypto.com\/es-cr\/wp-json\/wp\/v2\/media?parent=7781"}],"curies":[{"name":"wp","href":"https:\/\/api.w.org\/{rel}","templated":true}]}}