{"id":3,"date":"2024-03-27T12:24:41","date_gmt":"2024-03-27T12:24:41","guid":{"rendered":"https:\/\/tagsystems.li\/crypto\/?page_id=3"},"modified":"2024-08-06T12:37:13","modified_gmt":"2024-08-06T12:37:13","slug":"politica-de-privacidad","status":"publish","type":"page","link":"https:\/\/tagcrypto.com\/es-cr\/politica-de-privacidad\/","title":{"rendered":"Pol\u00edtica de Privacidad"},"content":{"rendered":"\t\t<div data-elementor-type=\"wp-page\" data-elementor-id=\"3\" class=\"elementor elementor-3\" data-elementor-post-type=\"page\">\n\t\t\t\t<div class=\"elementor-element elementor-element-65cd0016 e-flex e-con-boxed e-con e-parent\" data-id=\"65cd0016\" data-element_type=\"container\">\n\t\t\t\t\t<div class=\"e-con-inner\">\n\t\t\t\t<div class=\"elementor-element elementor-element-5ab56e35 elementor-widget elementor-widget-text-editor\" data-id=\"5ab56e35\" data-element_type=\"widget\" data-widget_type=\"text-editor.default\">\n\t\t\t\t<div class=\"elementor-widget-container\">\n\t\t\t\t\t\t\t\t\t<p><\/p>\n<h2 class=\"wp-block-heading\"><\/h2>\n<h2 class=\"wp-block-heading\">\n\n<\/h2>\n<h2>\n\n<\/h2>\n<h3 class=\"wp-block-heading\">Protecci\u00f3n de datos<\/h3>\n<h2>\n\n<\/h2>\n<p>Nuestro procesamiento de los datos personales de nuestros usuarios se limita a los datos necesarios para proporcionar un sitio web que funcione y nuestros contenidos y servicios. El tratamiento de los datos personales de nuestros usuarios solo tiene lugar para los fines que se enumeran a continuaci\u00f3n y si existe una base jur\u00eddica (en el sentido del RGPD). Solo se recopilan los datos personales que son realmente necesarios para la implementaci\u00f3n y el procesamiento de nuestras tareas y servicios o que usted nos ha puesto a nuestra disposici\u00f3n voluntariamente.<\/p>\n<h2>\n\n<\/h2>\n<h2>\n\n<\/h2>\n<h3 class=\"wp-block-heading\">I. Nombre y domicilio del responsable<\/h3>\n<h2>\n\n<\/h2>\n<p>TAG Systems AG<br>Pflugstrasse 20<br>LI-9490 Vaduz<br>Liechtenstein<\/p>\n<h2>\n\n<\/h2>\n<p>eea@tagsystems.com<br>+423 376 50 80<\/p>\n<h2>\n\n<\/h2>\n<h2>\n\n<\/h2>\n<h3 class=\"wp-block-heading\">II. Descripci\u00f3n y alcance del tratamiento de datos<\/h3>\n<h2>\n\n<\/h2>\n<h4 class=\"wp-block-heading\">1. Entrega del sitio web<\/h4>\n<h2>\n\n<\/h2>\n<p>Cada vez que se accede a nuestro sitio web, nuestro sistema recopila autom\u00e1ticamente datos e informaci\u00f3n del sistema inform\u00e1tico del ordenador que accede.<\/p>\n<h2>\n\n<\/h2>\n<p>Aqu\u00ed se recogen los siguientes datos:<\/p>\n<h2>\n\n<\/h2>\n<ul class=\"wp-block-list\">\n<li>Fecha y hora de acceso<\/li>\n<li>La direcci\u00f3n IP del usuario<\/li>\n<li>Informaci\u00f3n sobre el tipo de navegador y la versi\u00f3n utilizada<\/li>\n<\/ul>\n<h2>\n\n<\/h2>\n<p>Almacenamos esta informaci\u00f3n durante un per\u00edodo m\u00e1ximo de 30 d\u00edas. El almacenamiento se lleva a cabo por razones de seguridad de los datos con el fin de garantizar la estabilidad y la seguridad operativa de nuestro sistema.<\/p>\n<h2>\n\n<\/h2>\n<h2>\n\n<\/h2>\n<h4 class=\"wp-block-heading\">2. An\u00e1lisis web<\/h4>\n<h2>\n\n<\/h2>\n<p>Analizamos el uso de nuestro sitio web con la herramienta de an\u00e1lisis web Matomo (la declaraci\u00f3n de protecci\u00f3n de datos se puede encontrar en https:\/\/matomo.org\/privacy-policy\/). Para ello, sin embargo, las direcciones IP recopiladas autom\u00e1ticamente se anonimizan antes de la evaluaci\u00f3n. Todos los an\u00e1lisis creados se basan en conjuntos de datos anonimizados y no hay evaluaci\u00f3n personal. El an\u00e1lisis web sirve exclusivamente para optimizar el sitio web en t\u00e9rminos de facilidad de uso y suministro de informaci\u00f3n \u00fatil sobre nuestros servicios. Estos datos no se fusionan con otras fuentes de datos personales ni se transmiten a terceros.<\/p>\n<h2>\n\n<\/h2>\n<p>Adem\u00e1s de los datos mencionados, Matomo tambi\u00e9n utiliza las llamadas \u201ccookies\u201d (ver m\u00e1s abajo).<\/p>\n<h2>\n\n<\/h2>\n<p>La base jur\u00eddica para el almacenamiento temporal de los datos y los archivos de registro es el art\u00edculo 6, apartado 1, letra f) del RGPD.<\/p>\n<h2>\n\n<\/h2>\n<p>No hay evaluaci\u00f3n personal. Los an\u00e1lisis se basan en conjuntos de datos anonimizados.<\/p>\n<h2>\n\n<\/h2>\n<h2>\n\n<\/h2>\n<h4 class=\"wp-block-heading\">3. Galletas<\/h4>\n<h2>\n\n<\/h2>\n<p>Utilizamos cookies en nuestro sitio web para que nuestra oferta sea f\u00e1cil de usar. Las cookies son peque\u00f1os archivos que su navegador crea autom\u00e1ticamente y que se almacenan en su dispositivo final (computadora port\u00e1til, tableta, tel\u00e9fono inteligente, etc\u00e9tera) cuando visita nuestro sitio. Las cookies permanecen almacenadas hasta que usted las elimine. Esto nos permite volver a reconocer su navegador en su pr\u00f3xima visita.<\/p>\n<h2>\n\n<\/h2>\n<p>Si no lo desea, puede configurar su navegador para que le informe sobre la configuraci\u00f3n de cookies y las permita en casos individuales. Sin embargo, nos gustar\u00eda se\u00f1alar que la desactivaci\u00f3n significa que no puede utilizar todas las funciones de nuestro sitio web.<\/p>\n<h2>\n\n<\/h2>\n<p>La base jur\u00eddica de los datos tratados por las cookies es el art\u00edculo 6, apartado 1, letra f) del RGPD.<\/p>\n<h2>\n\n<\/h2>\n<h4 class=\"wp-block-heading\">4. Banner de cookies reales<\/h4>\n<h2>\n\n<\/h2>\n<p>Este sitio web utiliza Real Cookie Banner, que establece una cookie t\u00e9cnicamente necesaria para guardar su consentimiento de cookies.<\/p>\n<h2>\n\n<\/h2>\n<p>Real Cookie Banner no procesa ning\u00fan dato personal.<\/p>\n<h2>\n\n<\/h2>\n<p>La cookie Real Cookie Banner almacena el consentimiento que dio cuando ingres\u00f3 al sitio web. Si desea revocar este consentimiento, simplemente elimine la cookie de su navegador. Si vuelve a entrar\/volver a cargar el sitio web, se le volver\u00e1 a solicitar su consentimiento para las cookies.<\/p>\n<h2>\n\n<\/h2>\n<h4 class=\"wp-block-heading\">5. Fuentes web de Google<\/h4>\n<h2>\n\n<\/h2>\n<p>Este sitio utiliza las llamadas fuentes web proporcionadas por Google para la visualizaci\u00f3n uniforme de las fuentes. Las fuentes de Google se instalan localmente. No hay conexi\u00f3n con los servidores de Google.<\/p>\n<h2>\n\n<\/h2>\n<h4 class=\"wp-block-heading\">6. Contacto a trav\u00e9s de formulario en l\u00ednea y correo electr\u00f3nico<\/h4>\n<h2>\n\n<\/h2>\n<p>Si rellena un formulario de contacto, pedido de cup\u00f3n o formulario de registro o nos env\u00eda un correo electr\u00f3nico u otro mensaje electr\u00f3nico, sus datos solo se utilizar\u00e1n para procesar la solicitud y cualquier otra pregunta relacionada con ella, y solo se utilizar\u00e1n como parte de la solicitud.<\/p>\n<h2>\n\n<\/h2>\n<p>La base jur\u00eddica para la tramitaci\u00f3n de su solicitud es el art\u00edculo 6, apartado 1, letras a) o b) del RGPD.<\/p>\n<h2>\n\n<\/h2>\n<p>Eliminaremos sus datos personales despu\u00e9s de completar su solicitud.<\/p>\n<h2>\n\n<\/h2>\n<h4 class=\"wp-block-heading\">7. \u00c1rea de miembros<\/h4>\n<h2>\n\n<\/h2>\n<p>Los clientes de TAG Systems AG pueden tener acceso al \u00e1rea de miembros protegida por contrase\u00f1a. Para ello, se registran y guardan el correo electr\u00f3nico, el nombre de usuario y una contrase\u00f1a.<\/p>\n<h2>\n\n<\/h2>\n<h4 class=\"wp-block-heading\">8. Wordfence<\/h4>\n<h2>\n\n<\/h2>\n<p>Este sitio utiliza el complemento de WordPress WordFence por motivos de seguridad. El proveedor es Defiant, Inc., 800 5th Ave Ste 4100, Seattle, WA 98104, EE. UU. El plugin protege el sitio web de los intentos de terceros de obtener acceso no autorizado al sitio web y, por lo tanto, acceder a datos personales, incrustar malware en el sitio web o llevar a cabo otras actividades ilegales.<\/p>\n<h2>\n\n<\/h2>\n<p>Para utilizar el complemento de seguridad WordFence, es necesario guardar su direcci\u00f3n IP. Sin embargo, para su protecci\u00f3n y de acuerdo con nuestra configuraci\u00f3n, esta informaci\u00f3n no se transmite al servidor de Defiant en los EE. UU.<\/p>\n<h2>\n\n<\/h2>\n<p>Defiant ha solicitado la certificaci\u00f3n del Escudo de Privacidad UE-EE. UU. (a partir del 6 de junio de 2018). El \u201cPrivacy Shield\u201d es un acuerdo entre la Uni\u00f3n Europea (UE) y los EE. UU., que tiene como objetivo garantizar el cumplimiento de las normas europeas de protecci\u00f3n de datos en los EE. UU.<\/p>\n<h2>\n\n<\/h2>\n<p>WordFence se utiliza para aumentar la seguridad de este sitio web y, por lo tanto, tambi\u00e9n para garantizar la seguridad de los usuarios del sitio web. Se trata de un inter\u00e9s leg\u00edtimo en el sentido del art\u00edculo 6, apartado 1, letra f) del RGPD.<\/p>\n<h2>\n\n<\/h2>\n<p>Puede encontrar m\u00e1s informaci\u00f3n sobre el tratamiento de los datos de los usuarios en https:\/\/www.wordfence.com\/blog\/2018\/05\/wordfence-is-gdpr-compliant\/ y en la pol\u00edtica de privacidad de Defiant: https:\/\/www.wordfence.com\/privacy-policy\/<\/p>\n<h2>\n\n<\/h2>\n<h4 class=\"wp-block-heading\">9. Alojamiento<\/h4>\n<h2>\n\n<\/h2>\n<p>Este sitio web est\u00e1 alojado por <em>TAG Systems AG<\/em>. Los datos personales recopilados en este sitio web se almacenan en los servidores del host. Puede tratarse de direcciones IP, solicitudes de contacto, metadatos y datos de comunicaci\u00f3n, datos contractuales, datos de contacto, nombres, acceso al sitio web y otros datos generados a trav\u00e9s de un sitio web.<\/p>\n<h2>\n\n<\/h2>\n<p><em>TAG Systems AG<\/em> se utiliza con el fin de cumplir el contrato con nuestros clientes potenciales y actuales (Art. 6 P\u00e1rr. 1 letra b del RGPD) y en inter\u00e9s de una prestaci\u00f3n segura, r\u00e1pida y eficiente de nuestra oferta en l\u00ednea por parte de un proveedor profesional (Art. 6 P\u00e1rr. 1 letra f del RGPD).<\/p>\n<h2>\n\n<\/h2>\n<p><em>TAG Systems AG<\/em> solo procesar\u00e1 sus datos en la medida en que sea necesario para cumplir con sus obligaciones de rendimiento y seguir\u00e1 nuestras instrucciones en relaci\u00f3n con estos datos.<\/p>\n<h2>\n\n<\/h2>\n<h3 class=\"wp-block-heading\">III. Seguridad de los datos<\/h3>\n<h2>\n\n<\/h2>\n<p>Durante la visita al sitio web, utilizamos el procedimiento TLS generalizado en relaci\u00f3n con el nivel m\u00e1s alto de cifrado compatible con su navegador. Puede saber si una p\u00e1gina individual de nuestro sitio web se transmite de forma cifrada mediante la representaci\u00f3n cerrada del s\u00edmbolo de la llave o el candado en la barra de direcciones de su navegador.<\/p>\n<h2>\n\n<\/h2>\n<p>Adem\u00e1s, utilizamos otras medidas de seguridad t\u00e9cnicas y organizativas adecuadas para proteger sus datos contra la manipulaci\u00f3n accidental o intencionada, la p\u00e9rdida parcial o total, la destrucci\u00f3n o el acceso no autorizado por parte de terceros. Nuestras medidas de seguridad se mejoran continuamente de acuerdo con los avances tecnol\u00f3gicos.<\/p>\n<h2>\n\n<\/h2>\n<h3 class=\"wp-block-heading\">IV. Sus derechos (derechos de los interesados)<\/h3>\n<h2>\n\n<\/h2>\n<p>Tiene derecho a solicitar informaci\u00f3n sobre sus datos personales procesados por nosotros. En particular, puede obtener informaci\u00f3n sobre los fines del tratamiento, las categor\u00edas de datos personales, las categor\u00edas de destinatarios a los que se han comunicado o se comunicar\u00e1n sus datos, el per\u00edodo de almacenamiento previsto, la existencia de un derecho de correcci\u00f3n, supresi\u00f3n, limitaci\u00f3n del tratamiento u oposici\u00f3n, la transferencia de datos, el origen de sus datos, si no se han recogido de nosotros, y sobre la existencia de una toma de decisiones automatizada, incluida la elaboraci\u00f3n de perfiles.<\/p>\n<h2>\n\n<\/h2>\n<p>Tambi\u00e9n tiene derecho a revocar cualquier consentimiento que haya dado para el uso de sus datos personales en cualquier momento.<\/p>\n<h2>\n\n<\/h2>\n<p>Puede hacer valer sus derechos declarados con nosotros en cualquier momento utilizando la direcci\u00f3n de contacto proporcionada.<\/p>\n<h2>\n\n<\/h2>\n<p>Si cree que el tratamiento de sus datos personales por nuestra parte contradice las normas de protecci\u00f3n de datos aplicables, tiene la opci\u00f3n de presentar una reclamaci\u00f3n ante la autoridad de protecci\u00f3n de datos del Principado de Liechtenstein.<\/p>\n<h2><\/h2>\n<p><\/p>\t\t\t\t\t\t\t\t<\/div>\n\t\t\t\t<\/div>\n\t\t\t\t<div class=\"elementor-element elementor-element-0882558 elementor-widget elementor-widget-html\" data-id=\"0882558\" data-element_type=\"widget\" data-widget_type=\"html.default\">\n\t\t\t\t<div class=\"elementor-widget-container\">\n\t\t\t\t\t[rcb-consent type=\u201cchange\u201d tag=\u201ca\u201d text=\u201cCambiar configuraci\u00f3n de privacidad\u201d]\t\t\t\t<\/div>\n\t\t\t\t<\/div>\n\t\t\t\t\t<\/div>\n\t\t\t\t<\/div>\n\t\t\t\t<\/div>\n\t\t","protected":false},"excerpt":{"rendered":"<p>[rcb-consent type=\u201cchange\u201d tag=\u201ca\u201d text=\u201cCambiar configuraci\u00f3n de privacidad\u201d]<\/p>\n","protected":false},"author":1,"featured_media":7684,"parent":0,"menu_order":0,"comment_status":"closed","ping_status":"open","template":"","meta":{"inline_featured_image":false,"wp_typography_post_enhancements_disabled":false,"footnotes":""},"class_list":["post-3","page","type-page","status-publish","has-post-thumbnail","hentry"],"yoast_head":"<!-- This site is optimized with the Yoast SEO plugin v24.0 - https:\/\/yoast.com\/wordpress\/plugins\/seo\/ -->\n<title>Pol\u00edtica de Privacidad | TAG Crypto<\/title>\n<meta name=\"robots\" content=\"index, follow, max-snippet:-1, max-image-preview:large, max-video-preview:-1\" \/>\n<link rel=\"canonical\" href=\"https:\/\/tagcrypto.com\/es-cr\/politica-de-privacidad\/\" \/>\n<meta property=\"og:locale\" content=\"es_ES\" \/>\n<meta property=\"og:type\" content=\"article\" \/>\n<meta property=\"og:title\" content=\"Pol\u00edtica de Privacidad | TAG Crypto\" \/>\n<meta property=\"og:description\" content=\"[rcb-consent type=\u201cchange\u201d tag=\u201ca\u201d text=\u201cCambiar configuraci\u00f3n de privacidad\u201d]\" \/>\n<meta property=\"og:url\" content=\"https:\/\/tagcrypto.com\/es-cr\/politica-de-privacidad\/\" \/>\n<meta property=\"og:site_name\" content=\"TAG Crypto\" \/>\n<meta property=\"article:modified_time\" content=\"2024-08-06T12:37:13+00:00\" \/>\n<meta name=\"twitter:card\" content=\"summary_large_image\" \/>\n<meta name=\"twitter:label1\" content=\"Tiempo de lectura\" \/>\n\t<meta name=\"twitter:data1\" content=\"7 minutos\" \/>\n<script type=\"application\/ld+json\" class=\"yoast-schema-graph\">{\"@context\":\"https:\/\/schema.org\",\"@graph\":[{\"@type\":\"WebPage\",\"@id\":\"https:\/\/tagcrypto.com\/es-cr\/politica-de-privacidad\/\",\"url\":\"https:\/\/tagcrypto.com\/es-cr\/politica-de-privacidad\/\",\"name\":\"Pol\u00edtica de Privacidad | TAG Crypto\",\"isPartOf\":{\"@id\":\"https:\/\/tagcrypto.com\/es-cr\/#website\"},\"primaryImageOfPage\":{\"@id\":\"https:\/\/tagcrypto.com\/es-cr\/politica-de-privacidad\/#primaryimage\"},\"image\":{\"@id\":\"https:\/\/tagcrypto.com\/es-cr\/politica-de-privacidad\/#primaryimage\"},\"thumbnailUrl\":\"https:\/\/tagcrypto.com\/es-cr\/wp-content\/uploads\/sites\/3\/2022\/05\/Header.svg\",\"datePublished\":\"2024-03-27T12:24:41+00:00\",\"dateModified\":\"2024-08-06T12:37:13+00:00\",\"breadcrumb\":{\"@id\":\"https:\/\/tagcrypto.com\/es-cr\/politica-de-privacidad\/#breadcrumb\"},\"inLanguage\":\"es\",\"potentialAction\":[{\"@type\":\"ReadAction\",\"target\":[\"https:\/\/tagcrypto.com\/es-cr\/politica-de-privacidad\/\"]}]},{\"@type\":\"ImageObject\",\"inLanguage\":\"es\",\"@id\":\"https:\/\/tagcrypto.com\/es-cr\/politica-de-privacidad\/#primaryimage\",\"url\":\"https:\/\/tagcrypto.com\/es-cr\/wp-content\/uploads\/sites\/3\/2022\/05\/Header.svg\",\"contentUrl\":\"https:\/\/tagcrypto.com\/es-cr\/wp-content\/uploads\/sites\/3\/2022\/05\/Header.svg\",\"width\":1920,\"height\":787},{\"@type\":\"BreadcrumbList\",\"@id\":\"https:\/\/tagcrypto.com\/es-cr\/politica-de-privacidad\/#breadcrumb\",\"itemListElement\":[{\"@type\":\"ListItem\",\"position\":1,\"name\":\"Home\",\"item\":\"https:\/\/tagcrypto.com\/es-cr\/\"},{\"@type\":\"ListItem\",\"position\":2,\"name\":\"Pol\u00edtica de Privacidad\"}]},{\"@type\":\"WebSite\",\"@id\":\"https:\/\/tagcrypto.com\/es-cr\/#website\",\"url\":\"https:\/\/tagcrypto.com\/es-cr\/\",\"name\":\"TAG Crypto\",\"description\":\"Dep\u00f3sitos Instant\u00e1neos con TAG Crypto\",\"publisher\":{\"@id\":\"https:\/\/tagcrypto.com\/es-cr\/#organization\"},\"potentialAction\":[{\"@type\":\"SearchAction\",\"target\":{\"@type\":\"EntryPoint\",\"urlTemplate\":\"https:\/\/tagcrypto.com\/es-cr\/?s={search_term_string}\"},\"query-input\":{\"@type\":\"PropertyValueSpecification\",\"valueRequired\":true,\"valueName\":\"search_term_string\"}}],\"inLanguage\":\"es\"},{\"@type\":\"Organization\",\"@id\":\"https:\/\/tagcrypto.com\/es-cr\/#organization\",\"name\":\"TAG Systems AG\",\"alternateName\":\"TAG Systems AG\",\"url\":\"https:\/\/tagcrypto.com\/es-cr\/\",\"logo\":{\"@type\":\"ImageObject\",\"inLanguage\":\"es\",\"@id\":\"https:\/\/tagcrypto.com\/es-cr\/#\/schema\/logo\/image\/\",\"url\":\"https:\/\/tagcrypto.com\/es-cr\/wp-content\/uploads\/sites\/3\/2022\/05\/TAG-Systems-TAG-CRYPTO-white.svg\",\"contentUrl\":\"https:\/\/tagcrypto.com\/es-cr\/wp-content\/uploads\/sites\/3\/2022\/05\/TAG-Systems-TAG-CRYPTO-white.svg\",\"width\":470,\"height\":46,\"caption\":\"TAG Systems AG\"},\"image\":{\"@id\":\"https:\/\/tagcrypto.com\/es-cr\/#\/schema\/logo\/image\/\"}}]}<\/script>\n<!-- \/ Yoast SEO plugin. -->","yoast_head_json":{"title":"Pol\u00edtica de Privacidad | TAG Crypto","robots":{"index":"index","follow":"follow","max-snippet":"max-snippet:-1","max-image-preview":"max-image-preview:large","max-video-preview":"max-video-preview:-1"},"canonical":"https:\/\/tagcrypto.com\/es-cr\/politica-de-privacidad\/","og_locale":"es_ES","og_type":"article","og_title":"Pol\u00edtica de Privacidad | TAG Crypto","og_description":"[rcb-consent type=\u201cchange\u201d tag=\u201ca\u201d text=\u201cCambiar configuraci\u00f3n de privacidad\u201d]","og_url":"https:\/\/tagcrypto.com\/es-cr\/politica-de-privacidad\/","og_site_name":"TAG Crypto","article_modified_time":"2024-08-06T12:37:13+00:00","twitter_card":"summary_large_image","twitter_misc":{"Tiempo de lectura":"7 minutos"},"schema":{"@context":"https:\/\/schema.org","@graph":[{"@type":"WebPage","@id":"https:\/\/tagcrypto.com\/es-cr\/politica-de-privacidad\/","url":"https:\/\/tagcrypto.com\/es-cr\/politica-de-privacidad\/","name":"Pol\u00edtica de Privacidad | TAG Crypto","isPartOf":{"@id":"https:\/\/tagcrypto.com\/es-cr\/#website"},"primaryImageOfPage":{"@id":"https:\/\/tagcrypto.com\/es-cr\/politica-de-privacidad\/#primaryimage"},"image":{"@id":"https:\/\/tagcrypto.com\/es-cr\/politica-de-privacidad\/#primaryimage"},"thumbnailUrl":"https:\/\/tagcrypto.com\/es-cr\/wp-content\/uploads\/sites\/3\/2022\/05\/Header.svg","datePublished":"2024-03-27T12:24:41+00:00","dateModified":"2024-08-06T12:37:13+00:00","breadcrumb":{"@id":"https:\/\/tagcrypto.com\/es-cr\/politica-de-privacidad\/#breadcrumb"},"inLanguage":"es","potentialAction":[{"@type":"ReadAction","target":["https:\/\/tagcrypto.com\/es-cr\/politica-de-privacidad\/"]}]},{"@type":"ImageObject","inLanguage":"es","@id":"https:\/\/tagcrypto.com\/es-cr\/politica-de-privacidad\/#primaryimage","url":"https:\/\/tagcrypto.com\/es-cr\/wp-content\/uploads\/sites\/3\/2022\/05\/Header.svg","contentUrl":"https:\/\/tagcrypto.com\/es-cr\/wp-content\/uploads\/sites\/3\/2022\/05\/Header.svg","width":1920,"height":787},{"@type":"BreadcrumbList","@id":"https:\/\/tagcrypto.com\/es-cr\/politica-de-privacidad\/#breadcrumb","itemListElement":[{"@type":"ListItem","position":1,"name":"Home","item":"https:\/\/tagcrypto.com\/es-cr\/"},{"@type":"ListItem","position":2,"name":"Pol\u00edtica de Privacidad"}]},{"@type":"WebSite","@id":"https:\/\/tagcrypto.com\/es-cr\/#website","url":"https:\/\/tagcrypto.com\/es-cr\/","name":"TAG Crypto","description":"Dep\u00f3sitos Instant\u00e1neos con TAG Crypto","publisher":{"@id":"https:\/\/tagcrypto.com\/es-cr\/#organization"},"potentialAction":[{"@type":"SearchAction","target":{"@type":"EntryPoint","urlTemplate":"https:\/\/tagcrypto.com\/es-cr\/?s={search_term_string}"},"query-input":{"@type":"PropertyValueSpecification","valueRequired":true,"valueName":"search_term_string"}}],"inLanguage":"es"},{"@type":"Organization","@id":"https:\/\/tagcrypto.com\/es-cr\/#organization","name":"TAG Systems AG","alternateName":"TAG Systems AG","url":"https:\/\/tagcrypto.com\/es-cr\/","logo":{"@type":"ImageObject","inLanguage":"es","@id":"https:\/\/tagcrypto.com\/es-cr\/#\/schema\/logo\/image\/","url":"https:\/\/tagcrypto.com\/es-cr\/wp-content\/uploads\/sites\/3\/2022\/05\/TAG-Systems-TAG-CRYPTO-white.svg","contentUrl":"https:\/\/tagcrypto.com\/es-cr\/wp-content\/uploads\/sites\/3\/2022\/05\/TAG-Systems-TAG-CRYPTO-white.svg","width":470,"height":46,"caption":"TAG Systems AG"},"image":{"@id":"https:\/\/tagcrypto.com\/es-cr\/#\/schema\/logo\/image\/"}}]}},"_links":{"self":[{"href":"https:\/\/tagcrypto.com\/es-cr\/wp-json\/wp\/v2\/pages\/3"}],"collection":[{"href":"https:\/\/tagcrypto.com\/es-cr\/wp-json\/wp\/v2\/pages"}],"about":[{"href":"https:\/\/tagcrypto.com\/es-cr\/wp-json\/wp\/v2\/types\/page"}],"author":[{"embeddable":true,"href":"https:\/\/tagcrypto.com\/es-cr\/wp-json\/wp\/v2\/users\/1"}],"replies":[{"embeddable":true,"href":"https:\/\/tagcrypto.com\/es-cr\/wp-json\/wp\/v2\/comments?post=3"}],"version-history":[{"count":34,"href":"https:\/\/tagcrypto.com\/es-cr\/wp-json\/wp\/v2\/pages\/3\/revisions"}],"predecessor-version":[{"id":9261,"href":"https:\/\/tagcrypto.com\/es-cr\/wp-json\/wp\/v2\/pages\/3\/revisions\/9261"}],"wp:featuredmedia":[{"embeddable":true,"href":"https:\/\/tagcrypto.com\/es-cr\/wp-json\/wp\/v2\/media\/7684"}],"wp:attachment":[{"href":"https:\/\/tagcrypto.com\/es-cr\/wp-json\/wp\/v2\/media?parent=3"}],"curies":[{"name":"wp","href":"https:\/\/api.w.org\/{rel}","templated":true}]}}