{"id":7781,"date":"2024-05-08T13:51:05","date_gmt":"2024-05-08T13:51:05","guid":{"rendered":"https:\/\/tagsystems.li\/crypto\/?page_id=7781"},"modified":"2024-08-06T13:49:46","modified_gmt":"2024-08-06T13:49:46","slug":"impressum","status":"publish","type":"page","link":"https:\/\/tagcrypto.com\/de-ch\/impressum\/","title":{"rendered":"Impressum"},"content":{"rendered":"\t\t<div data-elementor-type=\"wp-page\" data-elementor-id=\"7781\" class=\"elementor elementor-7781\" data-elementor-post-type=\"page\">\n\t\t\t\t<div class=\"elementor-element elementor-element-65cd0016 e-flex e-con-boxed e-con e-parent\" data-id=\"65cd0016\" data-element_type=\"container\">\n\t\t\t\t\t<div class=\"e-con-inner\">\n\t\t\t\t<div class=\"elementor-element elementor-element-5ab56e35 elementor-widget elementor-widget-text-editor\" data-id=\"5ab56e35\" data-element_type=\"widget\" data-widget_type=\"text-editor.default\">\n\t\t\t\t<div class=\"elementor-widget-container\">\n\t\t\t\t\t\t\t\t\t<p><\/p>\n<h2 class=\"wp-block-heading\"><\/h2>\n<h2 class=\"wp-block-heading\">\n\n<\/h2>\n<h2>\n\n<\/h2>\n<h3 class=\"wp-block-heading\">Verantwortlich f\u00fcr den Inhalt:<\/h3>\n<h3>\n\n<\/h3>\n<p>TAG Systems AG<\/p>\n<h3>\n\n<\/h3>\n<p>Das Impressum gilt auch f\u00fcr die folgenden Social-Media-Profile: www.facebook.com www.twitter.com www.youtube.com www.instagram.com<\/p>\n<h3>\n\n<\/h3>\n<h3 class=\"wp-block-heading\">Ver\u00f6ffentlichung und Verwaltung von Inhalten:<\/h3>\n<h3>\n\n<\/h3>\n<p>TAG Systems AG<br>Pflugstrasse 20<br>9490 Vaduz<br>Liechtenstein<\/p>\n<h3>\n\n<\/h3>\n<p>T: +423 376 50 80<br>info@tagsystems.com<\/p>\n<h3>\n\n<\/h3>\n<p>Firmenbuchnummer: FL-0002.472.924\u20139<br>Handelsregister des F\u00fcrstentums Liechtenstein<br>Gerichtsstand: Vaduz<span style=\"font-family: var( --e-global-typography-text-font-family ), Sans-serif; font-weight: var( --e-global-typography-text-font-weight ); text-align: var(--text-align); background-color: rgba(255, 255, 255, 0); color: var(--the7-base-color); letter-spacing: var(--the7-base-letter-spacing); text-transform: var(--the7-base-text-transform); word-spacing: normal;\"> <\/span><\/p>\n<h3>\n\n<\/h3>\n<h3 class=\"wp-block-heading\">Haftung f\u00fcr Inhalte<\/h3>\n<h3>\n\n<\/h3>\n<p>Die Inhalte dieser Seiten werden mit gr\u00f6\u00dfter Sorgfalt erstellt. F\u00fcr die Richtigkeit,<br>Vollst\u00e4ndigkeit und Aktualit\u00e4t dieser Inhalte kann jedoch keine Haftung \u00fcbernommen werden.<\/p>\n<h3>\n\n<\/h3>\n<h3 class=\"wp-block-heading\">Bildnachweise &amp; Urheberrecht<\/h3>\n<h3>\n\n<\/h3>\n<p><em>TAG Systems AG, TAG Crypto<\/em> und alle Marken, Logos des Unternehmens und seiner Produkte, alle Designelemente, Bilder und Texte auf der Website sind urheberrechtlich gesch\u00fctzt.<br>Verwendete Bilder: <em>TAG Systems AG, SteinCastle GmbH, Depositphotos, Envato Marketplace<\/em>.<\/p>\n<h2><\/h2>\n<p><\/p>\t\t\t\t\t\t\t\t<\/div>\n\t\t\t\t<\/div>\n\t\t\t\t\t<\/div>\n\t\t\t\t<\/div>\n\t\t\t\t<\/div>\n\t\t","protected":false},"excerpt":{"rendered":"","protected":false},"author":1,"featured_media":7684,"parent":0,"menu_order":0,"comment_status":"closed","ping_status":"closed","template":"","meta":{"inline_featured_image":false,"wp_typography_post_enhancements_disabled":false,"footnotes":""},"class_list":["post-7781","page","type-page","status-publish","has-post-thumbnail","hentry"],"yoast_head":"<!-- This site is optimized with the Yoast SEO plugin v24.0 - https:\/\/yoast.com\/wordpress\/plugins\/seo\/ -->\n<title>Impressum | TAG Crypto<\/title>\n<meta name=\"robots\" content=\"index, follow, max-snippet:-1, max-image-preview:large, max-video-preview:-1\" \/>\n<link rel=\"canonical\" href=\"https:\/\/tagcrypto.com\/de-ch\/impressum\/\" \/>\n<meta property=\"og:locale\" content=\"de_DE\" \/>\n<meta property=\"og:type\" content=\"article\" \/>\n<meta property=\"og:title\" content=\"Impressum | TAG Crypto\" \/>\n<meta property=\"og:url\" content=\"https:\/\/tagcrypto.com\/de-ch\/impressum\/\" \/>\n<meta property=\"og:site_name\" content=\"TAG Crypto\" \/>\n<meta property=\"article:modified_time\" content=\"2024-08-06T13:49:46+00:00\" \/>\n<meta name=\"twitter:card\" content=\"summary_large_image\" \/>\n<meta name=\"twitter:label1\" content=\"Gesch\u00e4tzte Lesezeit\" \/>\n\t<meta name=\"twitter:data1\" content=\"1 Minute\" \/>\n<script type=\"application\/ld+json\" class=\"yoast-schema-graph\">{\"@context\":\"https:\/\/schema.org\",\"@graph\":[{\"@type\":\"WebPage\",\"@id\":\"https:\/\/tagcrypto.com\/de-ch\/impressum\/\",\"url\":\"https:\/\/tagcrypto.com\/de-ch\/impressum\/\",\"name\":\"Impressum | TAG Crypto\",\"isPartOf\":{\"@id\":\"https:\/\/tagcrypto.com\/de-ch\/#website\"},\"primaryImageOfPage\":{\"@id\":\"https:\/\/tagcrypto.com\/de-ch\/impressum\/#primaryimage\"},\"image\":{\"@id\":\"https:\/\/tagcrypto.com\/de-ch\/impressum\/#primaryimage\"},\"thumbnailUrl\":\"https:\/\/tagcrypto.com\/de-ch\/wp-content\/uploads\/sites\/2\/2022\/05\/Header.svg\",\"datePublished\":\"2024-05-08T13:51:05+00:00\",\"dateModified\":\"2024-08-06T13:49:46+00:00\",\"breadcrumb\":{\"@id\":\"https:\/\/tagcrypto.com\/de-ch\/impressum\/#breadcrumb\"},\"inLanguage\":\"de-CH\",\"potentialAction\":[{\"@type\":\"ReadAction\",\"target\":[\"https:\/\/tagcrypto.com\/de-ch\/impressum\/\"]}]},{\"@type\":\"ImageObject\",\"inLanguage\":\"de-CH\",\"@id\":\"https:\/\/tagcrypto.com\/de-ch\/impressum\/#primaryimage\",\"url\":\"https:\/\/tagcrypto.com\/de-ch\/wp-content\/uploads\/sites\/2\/2022\/05\/Header.svg\",\"contentUrl\":\"https:\/\/tagcrypto.com\/de-ch\/wp-content\/uploads\/sites\/2\/2022\/05\/Header.svg\",\"width\":1920,\"height\":787},{\"@type\":\"BreadcrumbList\",\"@id\":\"https:\/\/tagcrypto.com\/de-ch\/impressum\/#breadcrumb\",\"itemListElement\":[{\"@type\":\"ListItem\",\"position\":1,\"name\":\"Home\",\"item\":\"https:\/\/tagcrypto.com\/de-ch\/\"},{\"@type\":\"ListItem\",\"position\":2,\"name\":\"Impressum\"}]},{\"@type\":\"WebSite\",\"@id\":\"https:\/\/tagcrypto.com\/de-ch\/#website\",\"url\":\"https:\/\/tagcrypto.com\/de-ch\/\",\"name\":\"TAG Crypto\",\"description\":\"Instant Deposits mit TAG Crypto\",\"publisher\":{\"@id\":\"https:\/\/tagcrypto.com\/de-ch\/#organization\"},\"potentialAction\":[{\"@type\":\"SearchAction\",\"target\":{\"@type\":\"EntryPoint\",\"urlTemplate\":\"https:\/\/tagcrypto.com\/de-ch\/?s={search_term_string}\"},\"query-input\":{\"@type\":\"PropertyValueSpecification\",\"valueRequired\":true,\"valueName\":\"search_term_string\"}}],\"inLanguage\":\"de-CH\"},{\"@type\":\"Organization\",\"@id\":\"https:\/\/tagcrypto.com\/de-ch\/#organization\",\"name\":\"TAG Systems AG\",\"alternateName\":\"TAG Systems AG\",\"url\":\"https:\/\/tagcrypto.com\/de-ch\/\",\"logo\":{\"@type\":\"ImageObject\",\"inLanguage\":\"de-CH\",\"@id\":\"https:\/\/tagcrypto.com\/de-ch\/#\/schema\/logo\/image\/\",\"url\":\"https:\/\/tagcrypto.com\/de-ch\/wp-content\/uploads\/sites\/2\/2022\/05\/TAG-Systems-TAG-CRYPTO-white.svg\",\"contentUrl\":\"https:\/\/tagcrypto.com\/de-ch\/wp-content\/uploads\/sites\/2\/2022\/05\/TAG-Systems-TAG-CRYPTO-white.svg\",\"width\":470,\"height\":46,\"caption\":\"TAG Systems AG\"},\"image\":{\"@id\":\"https:\/\/tagcrypto.com\/de-ch\/#\/schema\/logo\/image\/\"}}]}<\/script>\n<!-- \/ Yoast SEO plugin. -->","yoast_head_json":{"title":"Impressum | TAG Crypto","robots":{"index":"index","follow":"follow","max-snippet":"max-snippet:-1","max-image-preview":"max-image-preview:large","max-video-preview":"max-video-preview:-1"},"canonical":"https:\/\/tagcrypto.com\/de-ch\/impressum\/","og_locale":"de_DE","og_type":"article","og_title":"Impressum | TAG Crypto","og_url":"https:\/\/tagcrypto.com\/de-ch\/impressum\/","og_site_name":"TAG Crypto","article_modified_time":"2024-08-06T13:49:46+00:00","twitter_card":"summary_large_image","twitter_misc":{"Gesch\u00e4tzte Lesezeit":"1 Minute"},"schema":{"@context":"https:\/\/schema.org","@graph":[{"@type":"WebPage","@id":"https:\/\/tagcrypto.com\/de-ch\/impressum\/","url":"https:\/\/tagcrypto.com\/de-ch\/impressum\/","name":"Impressum | TAG Crypto","isPartOf":{"@id":"https:\/\/tagcrypto.com\/de-ch\/#website"},"primaryImageOfPage":{"@id":"https:\/\/tagcrypto.com\/de-ch\/impressum\/#primaryimage"},"image":{"@id":"https:\/\/tagcrypto.com\/de-ch\/impressum\/#primaryimage"},"thumbnailUrl":"https:\/\/tagcrypto.com\/de-ch\/wp-content\/uploads\/sites\/2\/2022\/05\/Header.svg","datePublished":"2024-05-08T13:51:05+00:00","dateModified":"2024-08-06T13:49:46+00:00","breadcrumb":{"@id":"https:\/\/tagcrypto.com\/de-ch\/impressum\/#breadcrumb"},"inLanguage":"de-CH","potentialAction":[{"@type":"ReadAction","target":["https:\/\/tagcrypto.com\/de-ch\/impressum\/"]}]},{"@type":"ImageObject","inLanguage":"de-CH","@id":"https:\/\/tagcrypto.com\/de-ch\/impressum\/#primaryimage","url":"https:\/\/tagcrypto.com\/de-ch\/wp-content\/uploads\/sites\/2\/2022\/05\/Header.svg","contentUrl":"https:\/\/tagcrypto.com\/de-ch\/wp-content\/uploads\/sites\/2\/2022\/05\/Header.svg","width":1920,"height":787},{"@type":"BreadcrumbList","@id":"https:\/\/tagcrypto.com\/de-ch\/impressum\/#breadcrumb","itemListElement":[{"@type":"ListItem","position":1,"name":"Home","item":"https:\/\/tagcrypto.com\/de-ch\/"},{"@type":"ListItem","position":2,"name":"Impressum"}]},{"@type":"WebSite","@id":"https:\/\/tagcrypto.com\/de-ch\/#website","url":"https:\/\/tagcrypto.com\/de-ch\/","name":"TAG Crypto","description":"Instant Deposits mit TAG Crypto","publisher":{"@id":"https:\/\/tagcrypto.com\/de-ch\/#organization"},"potentialAction":[{"@type":"SearchAction","target":{"@type":"EntryPoint","urlTemplate":"https:\/\/tagcrypto.com\/de-ch\/?s={search_term_string}"},"query-input":{"@type":"PropertyValueSpecification","valueRequired":true,"valueName":"search_term_string"}}],"inLanguage":"de-CH"},{"@type":"Organization","@id":"https:\/\/tagcrypto.com\/de-ch\/#organization","name":"TAG Systems AG","alternateName":"TAG Systems AG","url":"https:\/\/tagcrypto.com\/de-ch\/","logo":{"@type":"ImageObject","inLanguage":"de-CH","@id":"https:\/\/tagcrypto.com\/de-ch\/#\/schema\/logo\/image\/","url":"https:\/\/tagcrypto.com\/de-ch\/wp-content\/uploads\/sites\/2\/2022\/05\/TAG-Systems-TAG-CRYPTO-white.svg","contentUrl":"https:\/\/tagcrypto.com\/de-ch\/wp-content\/uploads\/sites\/2\/2022\/05\/TAG-Systems-TAG-CRYPTO-white.svg","width":470,"height":46,"caption":"TAG Systems AG"},"image":{"@id":"https:\/\/tagcrypto.com\/de-ch\/#\/schema\/logo\/image\/"}}]}},"_links":{"self":[{"href":"https:\/\/tagcrypto.com\/de-ch\/wp-json\/wp\/v2\/pages\/7781"}],"collection":[{"href":"https:\/\/tagcrypto.com\/de-ch\/wp-json\/wp\/v2\/pages"}],"about":[{"href":"https:\/\/tagcrypto.com\/de-ch\/wp-json\/wp\/v2\/types\/page"}],"author":[{"embeddable":true,"href":"https:\/\/tagcrypto.com\/de-ch\/wp-json\/wp\/v2\/users\/1"}],"replies":[{"embeddable":true,"href":"https:\/\/tagcrypto.com\/de-ch\/wp-json\/wp\/v2\/comments?post=7781"}],"version-history":[{"count":17,"href":"https:\/\/tagcrypto.com\/de-ch\/wp-json\/wp\/v2\/pages\/7781\/revisions"}],"predecessor-version":[{"id":9270,"href":"https:\/\/tagcrypto.com\/de-ch\/wp-json\/wp\/v2\/pages\/7781\/revisions\/9270"}],"wp:featuredmedia":[{"embeddable":true,"href":"https:\/\/tagcrypto.com\/de-ch\/wp-json\/wp\/v2\/media\/7684"}],"wp:attachment":[{"href":"https:\/\/tagcrypto.com\/de-ch\/wp-json\/wp\/v2\/media?parent=7781"}],"curies":[{"name":"wp","href":"https:\/\/api.w.org\/{rel}","templated":true}]}}